{"id":2631,"date":"2022-10-24T07:34:29","date_gmt":"2022-10-24T06:34:29","guid":{"rendered":"https:\/\/www.indata.si\/smd\/"},"modified":"2025-03-31T11:21:58","modified_gmt":"2025-03-31T10:21:58","slug":"smd","status":"publish","type":"page","link":"https:\/\/www.indata.si\/hr\/smd\/","title":{"rendered":"SMD"},"content":{"rendered":"\n\t<div id=\"gap-893816847\" class=\"gap-element clearfix\" style=\"display:block; height:auto;\">\n\t\t\n<style>\n#gap-893816847 {\n  padding-top: 117px;\n}\n<\/style>\n\t<\/div>\n\t\n\n\n  <div class=\"banner has-hover\" id=\"banner-1853304356\">\n          <div class=\"banner-inner fill\">\n        <div class=\"banner-bg fill\" >\n            <img loading=\"lazy\" decoding=\"async\" width=\"2560\" height=\"1200\" src=\"https:\/\/www.indata.si\/wp-content\/uploads\/2022\/09\/ed.jpeg\" class=\"bg attachment-original size-original\" alt=\"\" \/>                                    \n                    <\/div>\n\t\t\n        <div class=\"banner-layers container\">\n            <div class=\"fill banner-link\"><\/div>            \n\n   <div id=\"text-box-1510551953\" class=\"text-box banner-layer x50 md-x50 lg-x50 y50 md-y50 lg-y50 res-text\">\n                                <div class=\"text-box-content text dark\">\n              \n              <div class=\"text-inner text-center\">\n                  \n\n<h1>SMD<\/h1>\n\n              <\/div>\n           <\/div>\n                            \n<style>\n#text-box-1510551953 {\n  width: 60%;\n}\n#text-box-1510551953 .text-box-content {\n  font-size: 100%;\n}\n<\/style>\n    <\/div>\n \n\n        <\/div>\n      <\/div>\n\n            \n<style>\n#banner-1853304356 {\n  padding-top: 200px;\n}\n#banner-1853304356 .banner-bg img {\n  object-position: 0% 34%;\n}\n@media (min-width:550px) {\n  #banner-1853304356 {\n    padding-top: 500px;\n  }\n}\n<\/style>\n  <\/div>\n\n\n\n\t<section class=\"section\" id=\"section_1074850619\">\n\t\t<div class=\"section-bg fill\" >\n\t\t\t\t\t\t\t\t\t\n\t\t\t\n\n\t\t<\/div>\n\n\t\t\n\n\t\t<div class=\"section-content relative\">\n\t\t\t\n\n<div class=\"row\"  id=\"row-87741445\">\n\n\n\t<div id=\"col-736404310\" class=\"col medium-7 small-12 large-7\"  >\n\t\t\t\t<div class=\"col-inner\"  >\n\t\t\t\n\t\t\t\n\n<h1>Surface Mount Devices<\/h1>\n<p>Indata d.o.o. od 2008. godine posluje s dvije SMD linije za opremanje PCB tiskanih plo\u010dica s elektroni\u010dkim komponentama. Zbog stalno rastu\u0107ih zahtjeva za visokom kvalitetom, koristimo mo\u0107ne SMD strojeve. Poslujemo s 2 potpuno automatizirane SMD proizvodne linije, Europlacer linijom za prototipe i manje serije te Juki linijom za serijsku proizvodnju. Kako bismo smanjili mogu\u0107e nepravilnosti, ve\u0107ina zadataka na proizvodnoj liniji je automatizirana, \u010dime osiguravamo kvalitetu i preciznost rje\u0161enja prilago\u0111enih potrebama kupaca. Osim SMD proizvodnje, mo\u017eemo ponuditi i monta\u017eo THT komponenti.<\/p>\n\n\t\t<\/div>\n\t\t\t\t\t<\/div>\n\n\t\n\n<\/div>\n<div class=\"row align-equal\"  id=\"row-179470343\">\n\n\n\t<div id=\"col-1869553848\" class=\"col medium-6 small-12 large-6\"  >\n\t\t\t\t<div class=\"col-inner box-shadow-2 dark\" style=\"background-color:rgb(1, 1, 1);\" >\n\t\t\t\n\t\t\t\n\n<h2><strong>SMT Line 1<\/strong><\/h2>\n<p>EUROPLACER<\/p>\n<ul>\n<li>Printer: Speedprint SP710 (Board dimension: 45&#215;45 to 500x500mm)<\/li>\n<li>SPI: TRI 7007<\/li>\n<li>P&amp;P1: XPII 2 (size 0402 to 99x99mm, IPC:22.300cph)<\/li>\n<li>P&amp;P2: IINEO 1 ( size 0402 to 99x99mm, IPC: 12.500cph)<\/li>\n<\/ul>\n\n\t\t<\/div>\n\t\t\t\t\n<style>\n#col-1869553848 > .col-inner {\n  padding: 30px 30px 30px 30px;\n}\n<\/style>\n\t<\/div>\n\n\t\n\n\t<div id=\"col-1362753182\" class=\"col medium-6 small-12 large-6\"  >\n\t\t\t\t<div class=\"col-inner box-shadow-2\" style=\"background-color:rgb(241, 200, 84);\" >\n\t\t\t\n\t\t\t\n\n<h2>SMT Line 2<\/h2>\n<p>JUKI<\/p>\n<ul>\n<li>Printer: GKG Titan with SPI (board size: 50&#215;50 to 515x515mm)<\/li>\n<li>P&amp;P: JUKI RS-1R ( 0201 to 150x50mm, IPC:31.000cph)<\/li>\n<li>Reflow: ERSA Hotflow 3\/14e<\/li>\n<\/ul>\n\n\t\t<\/div>\n\t\t\t\t\n<style>\n#col-1362753182 > .col-inner {\n  padding: 30px 30px 30px 30px;\n}\n<\/style>\n\t<\/div>\n\n\t\n\n<\/div>\n<div class=\"row\"  id=\"row-423641839\">\n\n\n\t<div id=\"col-1837547005\" class=\"col small-12 large-12\"  >\n\t\t\t\t<div class=\"col-inner\"  >\n\t\t\t\n\t\t\t\n\n\n  <div class=\"banner has-hover\" id=\"banner-1460210244\">\n          <div class=\"banner-inner fill\">\n        <div class=\"banner-bg fill\" >\n            <img loading=\"lazy\" decoding=\"async\" width=\"1920\" height=\"1080\" src=\"https:\/\/www.indata.si\/wp-content\/uploads\/2022\/10\/1.jpg\" class=\"bg attachment-original size-original\" alt=\"\" \/>                                    \n                    <\/div>\n\t\t\n        <div class=\"banner-layers container\">\n            <div class=\"fill banner-link\"><\/div>            \n\n\n        <\/div>\n      <\/div>\n\n            \n<style>\n#banner-1460210244 {\n  padding-top: 500px;\n}\n#banner-1460210244 .banner-bg img {\n  object-position: 19% 8%;\n}\n<\/style>\n  <\/div>\n\n\n\n\t\t<\/div>\n\t\t\t\t\t<\/div>\n\n\t\n\n<\/div>\n\n\t\t<\/div>\n\n\t\t\n<style>\n#section_1074850619 {\n  padding-top: 60px;\n  padding-bottom: 60px;\n}\n<\/style>\n\t<\/section>\n\t\n\n","protected":false},"excerpt":{"rendered":"","protected":false},"author":4,"featured_media":0,"parent":0,"menu_order":0,"comment_status":"closed","ping_status":"closed","template":"","meta":{"_acf_changed":false,"footnotes":""},"class_list":["post-2631","page","type-page","status-publish","hentry"],"acf":[],"_links":{"self":[{"href":"https:\/\/www.indata.si\/hr\/wp-json\/wp\/v2\/pages\/2631","targetHints":{"allow":["GET"]}}],"collection":[{"href":"https:\/\/www.indata.si\/hr\/wp-json\/wp\/v2\/pages"}],"about":[{"href":"https:\/\/www.indata.si\/hr\/wp-json\/wp\/v2\/types\/page"}],"author":[{"embeddable":true,"href":"https:\/\/www.indata.si\/hr\/wp-json\/wp\/v2\/users\/4"}],"replies":[{"embeddable":true,"href":"https:\/\/www.indata.si\/hr\/wp-json\/wp\/v2\/comments?post=2631"}],"version-history":[{"count":2,"href":"https:\/\/www.indata.si\/hr\/wp-json\/wp\/v2\/pages\/2631\/revisions"}],"predecessor-version":[{"id":2633,"href":"https:\/\/www.indata.si\/hr\/wp-json\/wp\/v2\/pages\/2631\/revisions\/2633"}],"wp:attachment":[{"href":"https:\/\/www.indata.si\/hr\/wp-json\/wp\/v2\/media?parent=2631"}],"curies":[{"name":"wp","href":"https:\/\/api.w.org\/{rel}","templated":true}]}}