{"id":2656,"date":"2022-09-16T07:57:03","date_gmt":"2022-09-16T06:57:03","guid":{"rendered":"https:\/\/www.indata.si\/izdelek\/led-kontroleri\/"},"modified":"2022-09-16T07:57:03","modified_gmt":"2022-09-16T06:57:03","slug":"led-kontroleri","status":"publish","type":"product","link":"https:\/\/www.indata.si\/hr\/izdelek\/led-kontroleri\/","title":{"rendered":"Led kontroleri"},"content":{"rendered":"","protected":false},"excerpt":{"rendered":"<p>Svaki sustav rasvjete je jedinstven i zahtijeva posebnu konfiguraciju kontrolnih sustava za zadovoljavanje potreba odre\u0111enog projekta. U Indata-i individualno sura\u0111ujemo s svakim kupcem i razvijamo te proizvodimo jedinstvene sustave za upravljanje s specifikacijama po narud\u017ebi.<\/p>\n","protected":false},"featured_media":2659,"comment_status":"closed","ping_status":"closed","template":"","meta":{"_acf_changed":false},"product_brand":[],"product_cat":[17],"product_tag":[],"class_list":{"0":"post-2656","1":"product","2":"type-product","3":"status-publish","4":"has-post-thumbnail","6":"product_cat-led-svetila","8":"first","9":"instock","10":"shipping-taxable","11":"product-type-simple"},"acf":[],"_links":{"self":[{"href":"https:\/\/www.indata.si\/hr\/wp-json\/wp\/v2\/product\/2656","targetHints":{"allow":["GET"]}}],"collection":[{"href":"https:\/\/www.indata.si\/hr\/wp-json\/wp\/v2\/product"}],"about":[{"href":"https:\/\/www.indata.si\/hr\/wp-json\/wp\/v2\/types\/product"}],"replies":[{"embeddable":true,"href":"https:\/\/www.indata.si\/hr\/wp-json\/wp\/v2\/comments?post=2656"}],"wp:featuredmedia":[{"embeddable":true,"href":"https:\/\/www.indata.si\/hr\/wp-json\/wp\/v2\/media\/2659"}],"wp:attachment":[{"href":"https:\/\/www.indata.si\/hr\/wp-json\/wp\/v2\/media?parent=2656"}],"wp:term":[{"taxonomy":"product_brand","embeddable":true,"href":"https:\/\/www.indata.si\/hr\/wp-json\/wp\/v2\/product_brand?post=2656"},{"taxonomy":"product_cat","embeddable":true,"href":"https:\/\/www.indata.si\/hr\/wp-json\/wp\/v2\/product_cat?post=2656"},{"taxonomy":"product_tag","embeddable":true,"href":"https:\/\/www.indata.si\/hr\/wp-json\/wp\/v2\/product_tag?post=2656"}],"curies":[{"name":"wp","href":"https:\/\/api.w.org\/{rel}","templated":true}]}}