{"id":2705,"date":"2022-10-19T10:11:34","date_gmt":"2022-10-19T09:11:34","guid":{"rendered":"https:\/\/www.indata.si\/izdelek\/custom-electronic\/"},"modified":"2022-10-12T13:30:41","modified_gmt":"2022-10-12T12:30:41","slug":"custom-electronic","status":"publish","type":"product","link":"https:\/\/www.indata.si\/hr\/izdelek\/custom-electronic\/","title":{"rendered":"Custom Electronic"},"content":{"rendered":"","protected":false},"excerpt":{"rendered":"<p>Na\u0161a glavna konkurentska prednost je sposobnost razvoja jedinstvenih rje\u0161enja u podru\u010dju elektronike. Strankama se posve\u0107ujemo individualno i, prema njihovim \u017eeljama i zahtjevima, razvijamo i proizvodimo nove koncepte. Iskustva u razvoju visoko tehnolo\u0161kih rje\u0161enja omogu\u0107uju brzi prijelaz proizvoda iz faze razvoja u proizvodnju i smanjuju proizvodne tro\u0161kove.<\/p>\n<p>Od 2013. godine na\u0161e je poduze\u0107e slu\u017ebeni \u010dlan \u201cCree LED solutions provider\u201d vode\u0107eg ameri\u010dkog proizvo\u0111a\u010da LED dioda, \u0161to zna\u010di da mo\u017eemo pru\u017eiti tehni\u010dku podr\u0161ku za sve Cree komponente.<\/p>\n<p>Na\u0161e R&amp;D usluge uklju\u010duju:<\/p>\n<ul>\n<li>Savjetovanje pri dizajniranju proizvoda<\/li>\n<li>Dizajn proizvoda po mjeri<\/li>\n<li>Razvoj PCB-a<\/li>\n<li>Rje\u0161enja na klju\u010d<\/li>\n<li>Potpuna proizvodnja<\/li>\n<li>Djelomi\u010dna proizvodnja<\/li>\n<\/ul>\n","protected":false},"featured_media":2706,"comment_status":"closed","ping_status":"closed","template":"","meta":{"_acf_changed":false},"product_brand":[],"product_cat":[323],"product_tag":[],"class_list":{"0":"post-2705","1":"product","2":"type-product","3":"status-publish","4":"has-post-thumbnail","6":"product_cat-rd-hr","8":"first","9":"instock","10":"shipping-taxable","11":"product-type-simple"},"acf":[],"_links":{"self":[{"href":"https:\/\/www.indata.si\/hr\/wp-json\/wp\/v2\/product\/2705","targetHints":{"allow":["GET"]}}],"collection":[{"href":"https:\/\/www.indata.si\/hr\/wp-json\/wp\/v2\/product"}],"about":[{"href":"https:\/\/www.indata.si\/hr\/wp-json\/wp\/v2\/types\/product"}],"replies":[{"embeddable":true,"href":"https:\/\/www.indata.si\/hr\/wp-json\/wp\/v2\/comments?post=2705"}],"wp:featuredmedia":[{"embeddable":true,"href":"https:\/\/www.indata.si\/hr\/wp-json\/wp\/v2\/media\/2706"}],"wp:attachment":[{"href":"https:\/\/www.indata.si\/hr\/wp-json\/wp\/v2\/media?parent=2705"}],"wp:term":[{"taxonomy":"product_brand","embeddable":true,"href":"https:\/\/www.indata.si\/hr\/wp-json\/wp\/v2\/product_brand?post=2705"},{"taxonomy":"product_cat","embeddable":true,"href":"https:\/\/www.indata.si\/hr\/wp-json\/wp\/v2\/product_cat?post=2705"},{"taxonomy":"product_tag","embeddable":true,"href":"https:\/\/www.indata.si\/hr\/wp-json\/wp\/v2\/product_tag?post=2705"}],"curies":[{"name":"wp","href":"https:\/\/api.w.org\/{rel}","templated":true}]}}