{"id":2708,"date":"2022-09-16T07:57:03","date_gmt":"2022-09-16T06:57:03","guid":{"rendered":"https:\/\/www.indata.si\/izdelek\/rasberry-pi\/"},"modified":"2022-09-16T07:57:03","modified_gmt":"2022-09-16T06:57:03","slug":"rasberry-pi","status":"publish","type":"product","link":"https:\/\/www.indata.si\/hr\/izdelek\/rasberry-pi\/","title":{"rendered":"Rasberry pi"},"content":{"rendered":"","protected":false},"excerpt":{"rendered":"<h3><strong>piCon IoT edge Gateway<\/strong><\/h3>\n<h4><strong>Lako pove\u017eite svoje ure\u0111aje s oblakom. Raspberry Pi Compute modul za pametan dom.<\/strong><\/h4>\n<p>piCon edge gateway dizajniran je da se uklopi u svaku prilago\u0111enu industrijsku aplikaciju, poput automatizacije, telekomunikacija, nadzora i pra\u0107enja itd. To je potpuno konfigurabilna platforma, pa mo\u017eete postaviti bilo koje prilago\u0111ene hardverske opcije na ure\u0111aju. Podr\u017eava Raspberry Pi compute modul 1, \u0161to ga \u010dini vrlo podr\u017eanim od strane Raspberry Pi zajednice i jednostavnim za kori\u0161tenje.<\/p>\n","protected":false},"featured_media":2709,"comment_status":"closed","ping_status":"closed","template":"","meta":{"_acf_changed":false},"product_brand":[],"product_cat":[324],"product_tag":[],"class_list":{"0":"post-2708","1":"product","2":"type-product","3":"status-publish","4":"has-post-thumbnail","6":"product_cat-raspberry-pi-hr","8":"first","9":"instock","10":"shipping-taxable","11":"product-type-simple"},"acf":[],"_links":{"self":[{"href":"https:\/\/www.indata.si\/hr\/wp-json\/wp\/v2\/product\/2708","targetHints":{"allow":["GET"]}}],"collection":[{"href":"https:\/\/www.indata.si\/hr\/wp-json\/wp\/v2\/product"}],"about":[{"href":"https:\/\/www.indata.si\/hr\/wp-json\/wp\/v2\/types\/product"}],"replies":[{"embeddable":true,"href":"https:\/\/www.indata.si\/hr\/wp-json\/wp\/v2\/comments?post=2708"}],"wp:featuredmedia":[{"embeddable":true,"href":"https:\/\/www.indata.si\/hr\/wp-json\/wp\/v2\/media\/2709"}],"wp:attachment":[{"href":"https:\/\/www.indata.si\/hr\/wp-json\/wp\/v2\/media?parent=2708"}],"wp:term":[{"taxonomy":"product_brand","embeddable":true,"href":"https:\/\/www.indata.si\/hr\/wp-json\/wp\/v2\/product_brand?post=2708"},{"taxonomy":"product_cat","embeddable":true,"href":"https:\/\/www.indata.si\/hr\/wp-json\/wp\/v2\/product_cat?post=2708"},{"taxonomy":"product_tag","embeddable":true,"href":"https:\/\/www.indata.si\/hr\/wp-json\/wp\/v2\/product_tag?post=2708"}],"curies":[{"name":"wp","href":"https:\/\/api.w.org\/{rel}","templated":true}]}}