{"id":2876,"date":"2022-10-19T11:26:35","date_gmt":"2022-10-19T10:26:35","guid":{"rendered":"https:\/\/www.indata.si\/izdelek\/lab5-linear-led-luminaire\/"},"modified":"2025-04-01T12:44:45","modified_gmt":"2025-04-01T11:44:45","slug":"lab5-liinear-led-svjetiljka","status":"publish","type":"product","link":"https:\/\/www.indata.si\/hr\/izdelek\/lab5-liinear-led-svjetiljka\/","title":{"rendered":"LAB5 LiINEAR LED svjetiljka"},"content":{"rendered":"<p>Svjetiljke LAB5 Linear su linijske LED svjetiljke za unutarnju stropnu ili vise\u0107u monta\u017eu, gdje je potrebno usmjeriti svjetlost pod specifi\u010dnim kutom uz upotrebu le\u0107a. \u0160tedljiva i u\u010dinkovita LED tehnologija omogu\u0107uje u\u0161tede u potro\u0161nji energije, a zajedno s elegantnim aluminijskim ku\u0107i\u0161tem predstavlja odr\u017eivo rje\u0161enje u stilu. Svjetiljke se mogu naru\u010diti po mjeri prema specifikacijama proizvoda. Kupci mogu birati \u017eeljenu duljinu do 3 m u jednom komadu, te \u017eeljenu boju svjetlosti, snagu, na\u010din upravljanja i boju ku\u0107i\u0161ta. Svjetiljke se mogu povezivati u beskona\u010dne linije.<\/p>\n","protected":false},"excerpt":{"rendered":"<ul>\n<li>Linijska LED svjetiljka<\/li>\n<li>Stjenska ili vise\u0107a unutarnja aplikacija<\/li>\n<li>Sastavljanje u beskona\u010dne linije<\/li>\n<li>Specifikacije po mjeri uz posebnu narud\u017ebu<\/li>\n<li>154 lm\/W<\/li>\n<li>IP40 za\u0161tita<\/li>\n<li>Aluminijsko ku\u0107i\u0161te u bijeloj ili crnoj boji<\/li>\n<li>Linearne le\u0107e VS 3R gen<\/li>\n<li>Ugra\u0111eni napajnik<\/li>\n<li>Proizvedeno u EU<\/li>\n<li>7-godi\u0161nje jamstvo<\/li>\n<\/ul>\n","protected":false},"featured_media":2827,"comment_status":"closed","ping_status":"closed","template":"","meta":{"_acf_changed":false},"product_brand":[],"product_cat":[325],"product_tag":[],"class_list":{"0":"post-2876","1":"product","2":"type-product","3":"status-publish","4":"has-post-thumbnail","6":"product_cat-led-svetila-hr","8":"first","9":"instock","10":"shipping-taxable","11":"product-type-simple"},"acf":[],"_links":{"self":[{"href":"https:\/\/www.indata.si\/hr\/wp-json\/wp\/v2\/product\/2876","targetHints":{"allow":["GET"]}}],"collection":[{"href":"https:\/\/www.indata.si\/hr\/wp-json\/wp\/v2\/product"}],"about":[{"href":"https:\/\/www.indata.si\/hr\/wp-json\/wp\/v2\/types\/product"}],"replies":[{"embeddable":true,"href":"https:\/\/www.indata.si\/hr\/wp-json\/wp\/v2\/comments?post=2876"}],"wp:featuredmedia":[{"embeddable":true,"href":"https:\/\/www.indata.si\/hr\/wp-json\/wp\/v2\/media\/2827"}],"wp:attachment":[{"href":"https:\/\/www.indata.si\/hr\/wp-json\/wp\/v2\/media?parent=2876"}],"wp:term":[{"taxonomy":"product_brand","embeddable":true,"href":"https:\/\/www.indata.si\/hr\/wp-json\/wp\/v2\/product_brand?post=2876"},{"taxonomy":"product_cat","embeddable":true,"href":"https:\/\/www.indata.si\/hr\/wp-json\/wp\/v2\/product_cat?post=2876"},{"taxonomy":"product_tag","embeddable":true,"href":"https:\/\/www.indata.si\/hr\/wp-json\/wp\/v2\/product_tag?post=2876"}],"curies":[{"name":"wp","href":"https:\/\/api.w.org\/{rel}","templated":true}]}}