{"id":2878,"date":"2022-10-19T08:49:50","date_gmt":"2022-10-19T07:49:50","guid":{"rendered":"https:\/\/www.indata.si\/izdelek\/lab3-linear-led-luminairs\/"},"modified":"2025-04-01T12:33:58","modified_gmt":"2025-04-01T11:33:58","slug":"lab3-liinear-led-svjetiljka","status":"publish","type":"product","link":"https:\/\/www.indata.si\/hr\/izdelek\/lab3-liinear-led-svjetiljka\/","title":{"rendered":"LAB3 LiINEAR LED svjetiljka"},"content":{"rendered":"<p>Svjetiljke LAB3R Linear su linijske LED svjetiljke za unutarnju ugradbenu monta\u017eu. \u0160tedljiva i u\u010dinkovita LED tehnologija omogu\u0107uje u\u0161tede u potro\u0161nji energije, a zajedno s elegantnim aluminijskim ku\u0107i\u0161tem predstavlja odr\u017eivo rje\u0161enje u stilu. Svjetiljke se mogu naru\u010diti po mjeri prema specifikacijama proizvoda. Kupci mogu birati \u017eeljenu duljinu do 3,5 m u jednom komadu, te \u017eeljenu boju svjetlosti, snagu, na\u010din upravljanja i boju ku\u0107i\u0161ta. Po posebnoj narud\u017ebi mogu\u0107e je povezivati svjetiljke u beskona\u010dne linije ili oblikovati ih u posebne oblike, poput oblika slova L ili U te oblika pravokutnika.<\/p>\n","protected":false},"excerpt":{"rendered":"<ul>\n<li>Linijska LED svjetiljka<\/li>\n<li>Ugradbena unutarnja aplikacija<\/li>\n<li>Sastavljanje u beskona\u010dne linije<\/li>\n<li>Specifikacije po mjeri uz posebnu narud\u017ebu<\/li>\n<li>IP43 za\u0161tita<\/li>\n<li>Aluminijsko ku\u0107i\u0161te u bijeloj ili crnoj boji<\/li>\n<li>Polikarbonatni ili mikroprizmati\u010dni difuzor<\/li>\n<li>Vanjski napajnik<\/li>\n<li>Proizvedeno u EU<\/li>\n<li>7-godi\u0161nje jamstvo<\/li>\n<\/ul>\n","protected":false},"featured_media":2645,"comment_status":"closed","ping_status":"closed","template":"","meta":{"_acf_changed":false},"product_brand":[],"product_cat":[325],"product_tag":[],"class_list":{"0":"post-2878","1":"product","2":"type-product","3":"status-publish","4":"has-post-thumbnail","6":"product_cat-led-svetila-hr","8":"first","9":"instock","10":"shipping-taxable","11":"product-type-simple"},"acf":[],"_links":{"self":[{"href":"https:\/\/www.indata.si\/hr\/wp-json\/wp\/v2\/product\/2878","targetHints":{"allow":["GET"]}}],"collection":[{"href":"https:\/\/www.indata.si\/hr\/wp-json\/wp\/v2\/product"}],"about":[{"href":"https:\/\/www.indata.si\/hr\/wp-json\/wp\/v2\/types\/product"}],"replies":[{"embeddable":true,"href":"https:\/\/www.indata.si\/hr\/wp-json\/wp\/v2\/comments?post=2878"}],"wp:featuredmedia":[{"embeddable":true,"href":"https:\/\/www.indata.si\/hr\/wp-json\/wp\/v2\/media\/2645"}],"wp:attachment":[{"href":"https:\/\/www.indata.si\/hr\/wp-json\/wp\/v2\/media?parent=2878"}],"wp:term":[{"taxonomy":"product_brand","embeddable":true,"href":"https:\/\/www.indata.si\/hr\/wp-json\/wp\/v2\/product_brand?post=2878"},{"taxonomy":"product_cat","embeddable":true,"href":"https:\/\/www.indata.si\/hr\/wp-json\/wp\/v2\/product_cat?post=2878"},{"taxonomy":"product_tag","embeddable":true,"href":"https:\/\/www.indata.si\/hr\/wp-json\/wp\/v2\/product_tag?post=2878"}],"curies":[{"name":"wp","href":"https:\/\/api.w.org\/{rel}","templated":true}]}}